{"id":2,"date":"2023-10-04T20:03:27","date_gmt":"2023-10-04T12:03:27","guid":{"rendered":"https:\/\/artehistoria.net\/?page_id=2"},"modified":"2023-10-04T20:03:27","modified_gmt":"2023-10-04T12:03:27","slug":"sample-page","status":"publish","type":"page","link":"https:\/\/artehistoria.net\/nb\/eksempelside\/","title":{"rendered":"\u793a\u4f8b\u9875\u9762"},"content":{"rendered":"<p>DET ER IKKE NOE \u00c5 SI P\u00c5 AT DET ER EN DEL AV DET SOM SKJER HER.<\/p>\n\n\n\n<blockquote class=\"wp-block-quote is-layout-flow wp-block-quote-is-layout-flow\"><p>JEG HAR IKKE NOE ANNET VALG ENN \u00c5 TA EN TITT P\u00c5 DET.<\/p><\/blockquote>\n\n\n\n<p>......\u6216\u8fd9\u4e2a\uff1a\uff1a<\/p>\n\n\n\n<blockquote class=\"wp-block-quote is-layout-flow wp-block-quote-is-layout-flow\"><p>XYZ Doohickey\u516c\u53f8\u6210\u7acb\u4e8e1971\u5e74\uff0c\u81ea\u4ece\u5efa\u7acb\u4ee5\u6765\uff0c\u6211\u4eec\u4e00\u76f4\u5411\u793e\u4f1a\u8d21\u732e\u7740\u4f18\u79c0doohickies\u3002\u6211\u4eec\u7684\u516c\u53f8\u603b\u90e8\u4f4d\u4e8e\u5929\u671d\u9b54\u90fd\uff0c\u6709\u7740\u8d85\u8fc7\u4e24\u5343\u540d\u5458\u5de5\uff0c\u5bf9\u9b54\u90fd\u653f\u5e9c\u7a0e\u6536\u6709\u7740\u5de8\u5927\u8d21\u732e\u3002<\/p><\/blockquote>\n\n\n\n<p>WordPress \u65b0\u7528\u6237\uff0c\u6211\u4eec\u5efa\u8bae\u60a8\u60a8\u8f6c\u5230<a href=\"https:\/\/artehistoria.net\/wp-admin\/\">\u60a8\u7ad9\u7684\u4eea\u8868\u76d8<\/a>\uff0c\u5220\u9664\u672c\u9875\u9762\uff0c\u7136\u540e\u521b\u5efa\u5305\u542b\u60a8\u81ea\u5df1\u5185\u5bb9\u7684\u65b0\u9875\u9762\u3002\u795d\u60a8\u4f7f\u7528\u6109\u5feb\uff01<\/p>","protected":false},"excerpt":{"rendered":"<p>DET ER IKKE NOE \u00c5 SI P\u00c5 AT DU IKKE HAR NOE \u00c5 SI P\u00c5 AT DU IKKE HAR NOE \u00c5 SI P\u00c5 AT DU IKKE HAR NOE \u00c5 SI P\u00c5 AT DU IKKE HAR NOE \u00c5 SI P\u00c5 AT DU IKKE HAR NOE \u00c5 SI P\u00c5 AT DU IKKE HAR NOE \u00c5 SI P\u00c5 AT DU IKKE HAR NOE \u00c5 SI P\u00c5 AT DU IKKE HAR NOE \u00c5 SI P\u00c5 AT DU IKKE HAR NOE \u00c5 SI P\u00c5 AT DU IKKE HAR NOE \u00c5 SI P\u00c5 AT DU IKKE HAR NOE \u00c5 SI P\u00c5 AT DU IKKE HAR NOE \u00c5 SI P\u00c5 AT DU HAR NOE \u00c5 SI P\u00c5 AT DU HAR NOE \u00c5 SI P\u00c5 AT DU HAR NOE \u00c5 SI P\u00c5 AT DU HAR NOE \u00c5 SI P\u00c5 AT DU HAR NOE \u00c5 SI P\u00c5 AT DU HAR NOE \u00c5 SI P\u00c5 AT DU HAR NOE \u00c5 SI P\u00c5 AT DU HAR NOE \u00c5 SI P\u00c5 AT DU HAR NOE \u00c5 SI P\u00c5 AT DU HAR NOE \u00c5 SI P\u00c5 AT DU HAR NOE \u00c5 SI P\u00c5 AT DU HAR NOE \u00c5 SI P\u00c5 AT DU HAR NOE \u00c5 SI P\u00c5 AT DU HAR NOE \u00c5 SI P\u00c5 AT DU HAR NOE \u00c5 SI P\u00c5 AT DU HAR NOE \u00c5 SI P\u00c5 AT DU HAR NOEXYZ XYZ XYZ XYZ XYZ XYZ XYZ XYZ XYZ XYZ XYZ XYZ XYZ XYZ XYZ XYZ XYZ XYZ XYZ XYZ XYZ XYZ XYZ XYZ XYZ XYZ XYZ XYZ XYZ XYZ XYZ XYZ XYZ XYZ XYZ XYZ XYZ XYZ XYZ XYZ XYZ XYZ XYZ XYZ XYZ XYZ XYZ XYZ XYZ XYZ XYZ XYZ XYZ XYZ XYZ XYZ XYZ XYZ XYZ XYZ XYZ XYZ XYZ XYZ XYZ XYZ XYZ XYZ XYZ XYZ XYZ XYZ XYZ<\/p>","protected":false},"author":1,"featured_media":0,"parent":0,"menu_order":0,"comment_status":"closed","ping_status":"open","template":"","meta":{"site-sidebar-layout":"default","site-content-layout":"","ast-site-content-layout":"","site-content-style":"default","site-sidebar-style":"default","ast-global-header-display":"","ast-banner-title-visibility":"","ast-main-header-display":"","ast-hfb-above-header-display":"","ast-hfb-below-header-display":"","ast-hfb-mobile-header-display":"","site-post-title":"","ast-breadcrumbs-content":"","ast-featured-img":"","footer-sml-layout":"","theme-transparent-header-meta":"","adv-header-id-meta":"","stick-header-meta":"","header-above-stick-meta":"","header-main-stick-meta":"","header-below-stick-meta":"","astra-migrate-meta-layouts":"default","ast-page-background-enabled":"default","ast-page-background-meta":{"desktop":{"background-color":"var(--ast-global-color-4)","background-image":"","background-repeat":"repeat","background-position":"center center","background-size":"auto","background-attachment":"scroll","background-type":"","background-media":"","overlay-type":"","overlay-color":"","overlay-gradient":""},"tablet":{"background-color":"","background-image":"","background-repeat":"repeat","background-position":"center center","background-size":"auto","background-attachment":"scroll","background-type":"","background-media":"","overlay-type":"","overlay-color":"","overlay-gradient":""},"mobile":{"background-color":"","background-image":"","background-repeat":"repeat","background-position":"center center","background-size":"auto","background-attachment":"scroll","background-type":"","background-media":"","overlay-type":"","overlay-color":"","overlay-gradient":""}},"ast-content-background-meta":{"desktop":{"background-color":"var(--ast-global-color-5)","background-image":"","background-repeat":"repeat","background-position":"center center","background-size":"auto","background-attachment":"scroll","background-type":"","background-media":"","overlay-type":"","overlay-color":"","overlay-gradient":""},"tablet":{"background-color":"var(--ast-global-color-5)","background-image":"","background-repeat":"repeat","background-position":"center center","background-size":"auto","background-attachment":"scroll","background-type":"","background-media":"","overlay-type":"","overlay-color":"","overlay-gradient":""},"mobile":{"background-color":"var(--ast-global-color-5)","background-image":"","background-repeat":"repeat","background-position":"center center","background-size":"auto","background-attachment":"scroll","background-type":"","background-media":"","overlay-type":"","overlay-color":"","overlay-gradient":""}},"footnotes":""},"class_list":["post-2","page","type-page","status-publish","hentry"],"aioseo_notices":[],"_links":{"self":[{"href":"https:\/\/artehistoria.net\/nb\/wp-json\/wp\/v2\/pages\/2","targetHints":{"allow":["GET"]}}],"collection":[{"href":"https:\/\/artehistoria.net\/nb\/wp-json\/wp\/v2\/pages"}],"about":[{"href":"https:\/\/artehistoria.net\/nb\/wp-json\/wp\/v2\/types\/page"}],"author":[{"embeddable":true,"href":"https:\/\/artehistoria.net\/nb\/wp-json\/wp\/v2\/users\/1"}],"replies":[{"embeddable":true,"href":"https:\/\/artehistoria.net\/nb\/wp-json\/wp\/v2\/comments?post=2"}],"version-history":[{"count":0,"href":"https:\/\/artehistoria.net\/nb\/wp-json\/wp\/v2\/pages\/2\/revisions"}],"wp:attachment":[{"href":"https:\/\/artehistoria.net\/nb\/wp-json\/wp\/v2\/media?parent=2"}],"curies":[{"name":"wp","href":"https:\/\/api.w.org\/{rel}","templated":true}]}}